{"id":2395,"date":"2018-09-22T14:29:31","date_gmt":"2018-09-22T14:29:31","guid":{"rendered":"https:\/\/internationalhouse.ee\/?page_id=2395"},"modified":"2018-09-22T14:31:36","modified_gmt":"2018-09-22T14:31:36","slug":"toetamine-esimestel-kuudel","status":"publish","type":"page","link":"https:\/\/www.internationalhouse.ee\/en\/services\/toetamine-esimestel-kuudel\/","title":{"rendered":"Toetamine esimestel kuudel"},"content":{"rendered":"<p>Rahvusvaheline Maja pakub abi uussisser\u00e4ndajate kohanemisel. Teenuse eesm\u00e4rgiks on aidata v\u00e4lismaalt tulijatel ennast Eestis paika seada, v\u00f5ttes selliselt koormust inimestelt, kes sellega muidu tegelema peaksid (nt personalijuhid) ja uussisser\u00e4ndajalt endalt.<\/p>\n<p>Meie kogemus n\u00e4itab, et sisser\u00e4ndaja jaoks v\u00f5ib keeruliseks osutuda elamisloa taotlemine ja pikendamine, erinevad registreerumised (perearst, elukoha registreerimine, autolubade vahetamine), lepingute, arvete jms m\u00f5istmine, lastehoiu leidmine, teinekord aga ka v\u00f5rgustiku leidmine endale v\u00f5i kaasatulevale pereliikmele.<\/p>\n<p>Teenuse raames v\u00f5tame enda peale kohanemisega seotud toimingute tegemise. Selleks on v\u00f5imalik s\u00f5lmida kokkulepped, mis vastavad teie vajadustele:<\/p>\n<ul>\n<li>Nt v\u00f5ib uussisser\u00e4ndaja p\u00f6\u00f6rduda Rahvusvahelise Maja poole k\u00f5ikide igap\u00e4evaelu toimimiseks lahendust vajavate k\u00fcsimustega teatud perioodi jooksul (tavaliselt 1-3 kuu jooksul). Meiepoolne tugi v\u00f5ib olla nt sobiva perearsti leidmine ja patsiendinimekirja registreerimine, vajalik info edastamine arusaadaval moel (sobivas keeles \/ keeruliselt s\u00f5nastatud info lahtiseletamine), koos sisser\u00e4ndajaga vajalikku ametkonda minemine ja suhtluse t\u00f5lkimine, v\u00f5imalike v\u00f5rgustiku loomise v\u00f5imaluse tuvastamine ja pakkumine jpm.<\/li>\n<li>Teatud hulga konkreetsete probleemidega abistamine.<\/li>\n<\/ul>\n","protected":false},"excerpt":{"rendered":"<p>Rahvusvaheline Maja pakub abi uussisser\u00e4ndajate kohanemisel. Teenuse eesm\u00e4rgiks on aidata v\u00e4lismaalt tulijatel ennast Eestis paika seada, v\u00f5ttes selliselt koormust inimestelt, kes sellega muidu tegelema peaksid (nt personalijuhid) ja uussisser\u00e4ndajalt endalt. Meie kogemus n\u00e4itab, et sisser\u00e4ndaja jaoks v\u00f5ib keeruliseks osutuda elamisloa taotlemine ja pikendamine, erinevad registreerumised&#8230;<\/p>\n","protected":false},"author":1,"featured_media":0,"parent":23,"menu_order":0,"comment_status":"closed","ping_status":"closed","template":"","meta":[],"_links":{"self":[{"href":"https:\/\/www.internationalhouse.ee\/en\/wp-json\/wp\/v2\/pages\/2395"}],"collection":[{"href":"https:\/\/www.internationalhouse.ee\/en\/wp-json\/wp\/v2\/pages"}],"about":[{"href":"https:\/\/www.internationalhouse.ee\/en\/wp-json\/wp\/v2\/types\/page"}],"author":[{"embeddable":true,"href":"https:\/\/www.internationalhouse.ee\/en\/wp-json\/wp\/v2\/users\/1"}],"replies":[{"embeddable":true,"href":"https:\/\/www.internationalhouse.ee\/en\/wp-json\/wp\/v2\/comments?post=2395"}],"version-history":[{"count":2,"href":"https:\/\/www.internationalhouse.ee\/en\/wp-json\/wp\/v2\/pages\/2395\/revisions"}],"predecessor-version":[{"id":2399,"href":"https:\/\/www.internationalhouse.ee\/en\/wp-json\/wp\/v2\/pages\/2395\/revisions\/2399"}],"up":[{"embeddable":true,"href":"https:\/\/www.internationalhouse.ee\/en\/wp-json\/wp\/v2\/pages\/23"}],"wp:attachment":[{"href":"https:\/\/www.internationalhouse.ee\/en\/wp-json\/wp\/v2\/media?parent=2395"}],"curies":[{"name":"wp","href":"https:\/\/api.w.org\/{rel}","templated":true}]}}